{"id":14096,"date":"2025-03-19T11:55:05","date_gmt":"2025-03-19T09:55:05","guid":{"rendered":"https:\/\/www.cortecanella.it\/?post_type=product&#038;p=14096"},"modified":"2026-03-09T14:35:58","modified_gmt":"2026-03-09T12:35:58","slug":"buono-degustazione","status":"publish","type":"product","link":"https:\/\/www.cortecanella.it\/en\/product\/buono-degustazione\/","title":{"rendered":"Tasting voucher"},"content":{"rendered":"","protected":false},"excerpt":{"rendered":"<p><strong>GIVE A GUIDED TOUR OF THE CELLAR!<\/strong><\/p>\n<p>Surprise whoever you want: <strong>give a tasting to discover our wines and our territory<\/strong>. The wines of the cellar in a guided tasting, accompanied by a small platter of cold cuts and cheeses.<\/p>\n<p>&nbsp;<\/p>\n<p><strong>DISCOVER (4 wines)<br \/>\nA first encounter with our world through 4 wines that tell the essence of our production:<br \/>\n<\/strong>IL 56 Soave Doc \u2013 ILLA Rosato Igt \u2013 ASANTE Valpolicella Doc \u2013 SIAMONOI Valpolicella Doc Superiore<\/p>\n<p>&nbsp;<\/p>\n<p><strong>EXPLORE (5 wines)<br \/>\nA step further, with 5 wines that combine freshness, elegance and depth, up to our Amarone:<br \/>\n<\/strong>IL 56 Soave Doc \u2013 ILLA Rosato Igt \u2013 ASANTE Valpolicella Doc \u2013 SIAMONOI Valpolicella Doc Superiore, Amarone della Valpolicella Docg<\/p>\n<p>&nbsp;<\/p>\n<p><strong>KNOW (6 wines)<br \/>\nA comprehensive journey, dedicated to those who wish to discover every nuance of our winemaking identity, right down to the sweetness of Recioto:<br \/>\n<\/strong>IL 56 Soave Doc \u2013 ILLA Rosato Igt \u2013 ASANTE Valpolicella Doc \u2013 SIAMONOI Valpolicella Doc Superiore, Amarone della Valpolicella Docg, VITEFA&#039; Recioto della Valpolicella Docg<\/p>\n<p>&nbsp;<\/p>\n<p>Languages spoken: Italian and English<br \/>\n<strong>Validity: 1 year from the date of purchase<\/strong><\/p>","protected":false},"featured_media":13913,"comment_status":"closed","ping_status":"closed","template":"","meta":{"rs_blank_template":"","rs_page_bg_color":"","slide_template_v7":""},"product_brand":[],"product_cat":[115],"product_tag":[],"class_list":{"0":"post-14096","1":"product","2":"type-product","3":"status-publish","4":"has-post-thumbnail","6":"product_cat-degustazione","7":"layout-1","8":"product-add-to-cart-ajax","10":"first","11":"instock","12":"shipping-taxable","13":"purchasable","14":"product-type-variable"},"yoast_head":"<!-- This site is optimized with the Yoast SEO plugin v27.4 - https:\/\/yoast.com\/product\/yoast-seo-wordpress\/ -->\n<title>Buono degustazione - Corte Canella<\/title>\n<meta name=\"robots\" content=\"index, follow, max-snippet:-1, max-image-preview:large, max-video-preview:-1\" \/>\n<link rel=\"canonical\" href=\"https:\/\/www.cortecanella.it\/en\/product\/buono-degustazione\/\" \/>\n<meta property=\"og:locale\" content=\"en_GB\" \/>\n<meta property=\"og:type\" content=\"article\" \/>\n<meta property=\"og:title\" content=\"Buono degustazione - Corte Canella\" \/>\n<meta property=\"og:description\" content=\"REGALA UNA VISITA GUIDATA IN CANTINA!  Sorprendi chi vuoi: regala una degustazione alla scoperta dei nostri vini e del nostro territorio. I vini della cantina in una degustazione guidata, accompagnati da un piccolo tagliere di salumi e formaggi.  &nbsp;  SCOPRIRE (4 vini) Un primo incontro con il nostro mondo attraverso 4 vini che raccontano l\u2019essenza della nostra produzione: IL 56 Soave Doc \u2013 ILLA Rosato Igt \u2013 ASANTE Valpolicella Doc \u2013 SIAMONOI Valpolicella Doc Superiore  &nbsp;  ESPLORARE (5 vini) Un passo pi\u00f9 in l\u00e0, con 5 vini che uniscono freschezza, eleganza e profondit\u00e0, fino ad arrivare al nostro Amarone: IL 56 Soave Doc \u2013 ILLA Rosato Igt \u2013 ASANTE Valpolicella Doc \u2013 SIAMONOI Valpolicella Doc Superiore, Amarone della Valpolicella Docg  &nbsp;  CONOSCERE (6 vini) Un percorso completo, dedicato a chi desidera scoprire ogni sfumatura della nostra identit\u00e0 enologica, fino alla dolcezza del Recioto: IL 56 Soave Doc \u2013 ILLA Rosato Igt \u2013 ASANTE Valpolicella Doc \u2013 SIAMONOI Valpolicella Doc Superiore, Amarone della Valpolicella Docg, VITEFA&#039; Recioto della Valpolicella Docg  &nbsp;  Lingue parlate: Italiano e Inglese Validit\u00e0: 1 anno dal momento dell\u2019acquisto\" \/>\n<meta property=\"og:url\" content=\"https:\/\/www.cortecanella.it\/en\/product\/buono-degustazione\/\" \/>\n<meta property=\"og:site_name\" content=\"Corte Canella\" \/>\n<meta property=\"article:publisher\" content=\"https:\/\/www.facebook.com\/Corte-Canella-107518545980923\/\" \/>\n<meta property=\"article:modified_time\" content=\"2026-03-09T12:35:58+00:00\" \/>\n<meta property=\"og:image\" content=\"https:\/\/www.cortecanella.it\/wp-content\/uploads\/2024\/07\/valpo.jpg\" \/>\n\t<meta property=\"og:image:width\" content=\"1440\" \/>\n\t<meta property=\"og:image:height\" content=\"1626\" \/>\n\t<meta property=\"og:image:type\" content=\"image\/jpeg\" \/>\n<meta name=\"twitter:card\" content=\"summary_large_image\" \/>\n<meta name=\"twitter:label1\" content=\"Estimated reading time\" \/>\n\t<meta name=\"twitter:data1\" content=\"1 minute\" \/>\n<script type=\"application\/ld+json\" class=\"yoast-schema-graph\">{\"@context\":\"https:\\\/\\\/schema.org\",\"@graph\":[{\"@type\":\"WebPage\",\"@id\":\"https:\\\/\\\/www.cortecanella.it\\\/product\\\/buono-degustazione\\\/\",\"url\":\"https:\\\/\\\/www.cortecanella.it\\\/product\\\/buono-degustazione\\\/\",\"name\":\"Buono degustazione - Corte Canella\",\"isPartOf\":{\"@id\":\"https:\\\/\\\/www.cortecanella.it\\\/#website\"},\"primaryImageOfPage\":{\"@id\":\"https:\\\/\\\/www.cortecanella.it\\\/product\\\/buono-degustazione\\\/#primaryimage\"},\"image\":{\"@id\":\"https:\\\/\\\/www.cortecanella.it\\\/product\\\/buono-degustazione\\\/#primaryimage\"},\"thumbnailUrl\":\"https:\\\/\\\/www.cortecanella.it\\\/wp-content\\\/uploads\\\/2024\\\/07\\\/valpo.jpg\",\"datePublished\":\"2025-03-19T09:55:05+00:00\",\"dateModified\":\"2026-03-09T12:35:58+00:00\",\"breadcrumb\":{\"@id\":\"https:\\\/\\\/www.cortecanella.it\\\/product\\\/buono-degustazione\\\/#breadcrumb\"},\"inLanguage\":\"en-GB\",\"potentialAction\":[{\"@type\":\"ReadAction\",\"target\":[\"https:\\\/\\\/www.cortecanella.it\\\/product\\\/buono-degustazione\\\/\"]}]},{\"@type\":\"ImageObject\",\"inLanguage\":\"en-GB\",\"@id\":\"https:\\\/\\\/www.cortecanella.it\\\/product\\\/buono-degustazione\\\/#primaryimage\",\"url\":\"https:\\\/\\\/www.cortecanella.it\\\/wp-content\\\/uploads\\\/2024\\\/07\\\/valpo.jpg\",\"contentUrl\":\"https:\\\/\\\/www.cortecanella.it\\\/wp-content\\\/uploads\\\/2024\\\/07\\\/valpo.jpg\",\"width\":1440,\"height\":1626},{\"@type\":\"BreadcrumbList\",\"@id\":\"https:\\\/\\\/www.cortecanella.it\\\/product\\\/buono-degustazione\\\/#breadcrumb\",\"itemListElement\":[{\"@type\":\"ListItem\",\"position\":1,\"name\":\"Home\",\"item\":\"https:\\\/\\\/www.cortecanella.it\\\/\"},{\"@type\":\"ListItem\",\"position\":2,\"name\":\"Shop\",\"item\":\"https:\\\/\\\/www.cortecanella.it\\\/negozio\\\/\"},{\"@type\":\"ListItem\",\"position\":3,\"name\":\"Buono degustazione\"}]},{\"@type\":\"WebSite\",\"@id\":\"https:\\\/\\\/www.cortecanella.it\\\/#website\",\"url\":\"https:\\\/\\\/www.cortecanella.it\\\/\",\"name\":\"Corte Canella\",\"description\":\"Cantina a Illasi VR\",\"publisher\":{\"@id\":\"https:\\\/\\\/www.cortecanella.it\\\/#organization\"},\"potentialAction\":[{\"@type\":\"SearchAction\",\"target\":{\"@type\":\"EntryPoint\",\"urlTemplate\":\"https:\\\/\\\/www.cortecanella.it\\\/?s={search_term_string}\"},\"query-input\":{\"@type\":\"PropertyValueSpecification\",\"valueRequired\":true,\"valueName\":\"search_term_string\"}}],\"inLanguage\":\"en-GB\"},{\"@type\":\"Organization\",\"@id\":\"https:\\\/\\\/www.cortecanella.it\\\/#organization\",\"name\":\"Corte Canella\",\"url\":\"https:\\\/\\\/www.cortecanella.it\\\/\",\"logo\":{\"@type\":\"ImageObject\",\"inLanguage\":\"en-GB\",\"@id\":\"https:\\\/\\\/www.cortecanella.it\\\/#\\\/schema\\\/logo\\\/image\\\/\",\"url\":\"https:\\\/\\\/www.cortecanella.it\\\/wp-content\\\/uploads\\\/2022\\\/10\\\/cortecan.png\",\"contentUrl\":\"https:\\\/\\\/www.cortecanella.it\\\/wp-content\\\/uploads\\\/2022\\\/10\\\/cortecan.png\",\"width\":310,\"height\":310,\"caption\":\"Corte Canella\"},\"image\":{\"@id\":\"https:\\\/\\\/www.cortecanella.it\\\/#\\\/schema\\\/logo\\\/image\\\/\"},\"sameAs\":[\"https:\\\/\\\/www.facebook.com\\\/Corte-Canella-107518545980923\\\/\"]}]}<\/script>\n<!-- \/ Yoast SEO plugin. -->","yoast_head_json":{"title":"Tasting voucher - Corte Canella","robots":{"index":"index","follow":"follow","max-snippet":"max-snippet:-1","max-image-preview":"max-image-preview:large","max-video-preview":"max-video-preview:-1"},"canonical":"https:\/\/www.cortecanella.it\/en\/product\/buono-degustazione\/","og_locale":"en_GB","og_type":"article","og_title":"Buono degustazione - Corte Canella","og_description":"REGALA UNA VISITA GUIDATA IN CANTINA!  Sorprendi chi vuoi: regala una degustazione alla scoperta dei nostri vini e del nostro territorio. I vini della cantina in una degustazione guidata, accompagnati da un piccolo tagliere di salumi e formaggi.  &nbsp;  SCOPRIRE (4 vini) Un primo incontro con il nostro mondo attraverso 4 vini che raccontano l\u2019essenza della nostra produzione: IL 56 Soave Doc \u2013 ILLA Rosato Igt \u2013 ASANTE Valpolicella Doc \u2013 SIAMONOI Valpolicella Doc Superiore  &nbsp;  ESPLORARE (5 vini) Un passo pi\u00f9 in l\u00e0, con 5 vini che uniscono freschezza, eleganza e profondit\u00e0, fino ad arrivare al nostro Amarone: IL 56 Soave Doc \u2013 ILLA Rosato Igt \u2013 ASANTE Valpolicella Doc \u2013 SIAMONOI Valpolicella Doc Superiore, Amarone della Valpolicella Docg  &nbsp;  CONOSCERE (6 vini) Un percorso completo, dedicato a chi desidera scoprire ogni sfumatura della nostra identit\u00e0 enologica, fino alla dolcezza del Recioto: IL 56 Soave Doc \u2013 ILLA Rosato Igt \u2013 ASANTE Valpolicella Doc \u2013 SIAMONOI Valpolicella Doc Superiore, Amarone della Valpolicella Docg, VITEFA' Recioto della Valpolicella Docg  &nbsp;  Lingue parlate: Italiano e Inglese Validit\u00e0: 1 anno dal momento dell\u2019acquisto","og_url":"https:\/\/www.cortecanella.it\/en\/product\/buono-degustazione\/","og_site_name":"Corte Canella","article_publisher":"https:\/\/www.facebook.com\/Corte-Canella-107518545980923\/","article_modified_time":"2026-03-09T12:35:58+00:00","og_image":[{"width":1440,"height":1626,"url":"https:\/\/www.cortecanella.it\/wp-content\/uploads\/2024\/07\/valpo.jpg","type":"image\/jpeg"}],"twitter_card":"summary_large_image","twitter_misc":{"Estimated reading time":"1 minute"},"schema":{"@context":"https:\/\/schema.org","@graph":[{"@type":"WebPage","@id":"https:\/\/www.cortecanella.it\/product\/buono-degustazione\/","url":"https:\/\/www.cortecanella.it\/product\/buono-degustazione\/","name":"Tasting voucher - Corte Canella","isPartOf":{"@id":"https:\/\/www.cortecanella.it\/#website"},"primaryImageOfPage":{"@id":"https:\/\/www.cortecanella.it\/product\/buono-degustazione\/#primaryimage"},"image":{"@id":"https:\/\/www.cortecanella.it\/product\/buono-degustazione\/#primaryimage"},"thumbnailUrl":"https:\/\/www.cortecanella.it\/wp-content\/uploads\/2024\/07\/valpo.jpg","datePublished":"2025-03-19T09:55:05+00:00","dateModified":"2026-03-09T12:35:58+00:00","breadcrumb":{"@id":"https:\/\/www.cortecanella.it\/product\/buono-degustazione\/#breadcrumb"},"inLanguage":"en-GB","potentialAction":[{"@type":"ReadAction","target":["https:\/\/www.cortecanella.it\/product\/buono-degustazione\/"]}]},{"@type":"ImageObject","inLanguage":"en-GB","@id":"https:\/\/www.cortecanella.it\/product\/buono-degustazione\/#primaryimage","url":"https:\/\/www.cortecanella.it\/wp-content\/uploads\/2024\/07\/valpo.jpg","contentUrl":"https:\/\/www.cortecanella.it\/wp-content\/uploads\/2024\/07\/valpo.jpg","width":1440,"height":1626},{"@type":"BreadcrumbList","@id":"https:\/\/www.cortecanella.it\/product\/buono-degustazione\/#breadcrumb","itemListElement":[{"@type":"ListItem","position":1,"name":"Home","item":"https:\/\/www.cortecanella.it\/"},{"@type":"ListItem","position":2,"name":"Shop","item":"https:\/\/www.cortecanella.it\/negozio\/"},{"@type":"ListItem","position":3,"name":"Buono degustazione"}]},{"@type":"WebSite","@id":"https:\/\/www.cortecanella.it\/#website","url":"https:\/\/www.cortecanella.it\/","name":"Canella Court","description":"Cellar in Illasi VR","publisher":{"@id":"https:\/\/www.cortecanella.it\/#organization"},"potentialAction":[{"@type":"SearchAction","target":{"@type":"EntryPoint","urlTemplate":"https:\/\/www.cortecanella.it\/?s={search_term_string}"},"query-input":{"@type":"PropertyValueSpecification","valueRequired":true,"valueName":"search_term_string"}}],"inLanguage":"en-GB"},{"@type":"Organization","@id":"https:\/\/www.cortecanella.it\/#organization","name":"Canella Court","url":"https:\/\/www.cortecanella.it\/","logo":{"@type":"ImageObject","inLanguage":"en-GB","@id":"https:\/\/www.cortecanella.it\/#\/schema\/logo\/image\/","url":"https:\/\/www.cortecanella.it\/wp-content\/uploads\/2022\/10\/cortecan.png","contentUrl":"https:\/\/www.cortecanella.it\/wp-content\/uploads\/2022\/10\/cortecan.png","width":310,"height":310,"caption":"Corte Canella"},"image":{"@id":"https:\/\/www.cortecanella.it\/#\/schema\/logo\/image\/"},"sameAs":["https:\/\/www.facebook.com\/Corte-Canella-107518545980923\/"]}]}},"_links":{"self":[{"href":"https:\/\/www.cortecanella.it\/en\/wp-json\/wp\/v2\/product\/14096","targetHints":{"allow":["GET"]}}],"collection":[{"href":"https:\/\/www.cortecanella.it\/en\/wp-json\/wp\/v2\/product"}],"about":[{"href":"https:\/\/www.cortecanella.it\/en\/wp-json\/wp\/v2\/types\/product"}],"replies":[{"embeddable":true,"href":"https:\/\/www.cortecanella.it\/en\/wp-json\/wp\/v2\/comments?post=14096"}],"wp:featuredmedia":[{"embeddable":true,"href":"https:\/\/www.cortecanella.it\/en\/wp-json\/wp\/v2\/media\/13913"}],"wp:attachment":[{"href":"https:\/\/www.cortecanella.it\/en\/wp-json\/wp\/v2\/media?parent=14096"}],"wp:term":[{"taxonomy":"product_brand","embeddable":true,"href":"https:\/\/www.cortecanella.it\/en\/wp-json\/wp\/v2\/product_brand?post=14096"},{"taxonomy":"product_cat","embeddable":true,"href":"https:\/\/www.cortecanella.it\/en\/wp-json\/wp\/v2\/product_cat?post=14096"},{"taxonomy":"product_tag","embeddable":true,"href":"https:\/\/www.cortecanella.it\/en\/wp-json\/wp\/v2\/product_tag?post=14096"}],"curies":[{"name":"wp","href":"https:\/\/api.w.org\/{rel}","templated":true}]}}